{"id":505,"date":"2024-12-18T04:43:41","date_gmt":"2024-12-18T04:43:41","guid":{"rendered":"https:\/\/innovate.ec\/wp\/?page_id=505"},"modified":"2024-12-29T04:44:38","modified_gmt":"2024-12-29T04:44:38","slug":"lo-que-ofrecemos-para-ti","status":"publish","type":"page","link":"https:\/\/innovate.ec\/wp\/lo-que-ofrecemos-para-ti\/","title":{"rendered":"Lo que ofrecemos para ti"},"content":{"rendered":"\t\t<div data-elementor-type=\"wp-page\" data-elementor-id=\"505\" class=\"elementor elementor-505\" data-elementor-post-type=\"page\">\n\t\t\t\t<div class=\"elementor-element elementor-element-de10acc e-con-full e-flex e-con e-parent\" data-id=\"de10acc\" data-element_type=\"container\" data-settings=\"{&quot;background_background&quot;:&quot;classic&quot;}\">\n\t\t<div class=\"elementor-element elementor-element-6808d8c e-con-full e-flex e-con e-child\" data-id=\"6808d8c\" data-element_type=\"container\">\n\t\t\t\t<div class=\"elementor-element elementor-element-d17c3aa elementor-widget elementor-widget-text-editor\" data-id=\"d17c3aa\" data-element_type=\"widget\" data-settings=\"{&quot;vlt_animated_widget_animation&quot;:&quot;none&quot;}\" data-widget_type=\"text-editor.default\">\n\t\t\t\t<div class=\"elementor-widget-container\">\n\t\t\t\t\t\t\t\t\t<p><a href=\"https:\/\/innovate.ec\/\"><strong>INICIO \u00bb <span style=\"color: #ffffff;\">LO QUE OFRECEMOS PARA TI<\/span><\/strong><\/a><\/p>\t\t\t\t\t\t\t\t<\/div>\n\t\t\t\t<\/div>\n\t\t\t\t<\/div>\n\t\t\t\t<\/div>\n\t\t\t\t<section class=\"elementor-section elementor-top-section elementor-element elementor-element-prte33w elementor-section-full_width elementor-section-height-default elementor-section-height-default\" data-id=\"prte33w\" data-element_type=\"section\" data-settings=\"{&quot;background_background&quot;:&quot;gradient&quot;}\">\n\t\t\t\t\t\t<div class=\"elementor-container elementor-column-gap-no\">\n\t\t\t\t\t<div class=\"elementor-column elementor-col-100 elementor-top-column elementor-element elementor-element-3edb3e6\" data-id=\"3edb3e6\" data-element_type=\"column\">\n\t\t\t<div class=\"elementor-widget-wrap elementor-element-populated\">\n\t\t\t\t\t\t<section class=\"elementor-section elementor-inner-section elementor-element elementor-element-7dff22d elementor-section-full_width elementor-section-height-default elementor-section-height-default\" data-id=\"7dff22d\" data-element_type=\"section\">\n\t\t\t\t\t\t<div class=\"elementor-container elementor-column-gap-no\">\n\t\t\t\t\t<div class=\"elementor-column elementor-col-100 elementor-inner-column elementor-element elementor-element-8239038\" data-id=\"8239038\" data-element_type=\"column\">\n\t\t\t<div class=\"elementor-widget-wrap elementor-element-populated\">\n\t\t\t\t\t\t<div class=\"elementor-element elementor-element-3ba1138 elementor-widget elementor-widget-heading\" data-id=\"3ba1138\" data-element_type=\"widget\" data-settings=\"{&quot;vlt_animated_widget_animation&quot;:&quot;none&quot;}\" data-widget_type=\"heading.default\">\n\t\t\t\t<div class=\"elementor-widget-container\">\n\t\t\t\t\t<h2 class=\"elementor-heading-title elementor-size-default\">Lo que ofrecemos para ti<\/h2>\t\t\t\t<\/div>\n\t\t\t\t<\/div>\n\t\t\t\t<div class=\"elementor-element elementor-element-3142ef1 elementor-widget elementor-widget-text-editor\" data-id=\"3142ef1\" data-element_type=\"widget\" data-settings=\"{&quot;vlt_animated_widget_animation&quot;:&quot;none&quot;}\" data-widget_type=\"text-editor.default\">\n\t\t\t\t<div class=\"elementor-widget-container\">\n\t\t\t\t\t\t\t\t\t<p><strong>Somos un grupo de profesionales comprometidos con nuestros pacientes y en constante mejora de nuestros servicios y tecnolog\u00eda<\/strong><\/p>\t\t\t\t\t\t\t\t<\/div>\n\t\t\t\t<\/div>\n\t\t\t\t\t<\/div>\n\t\t<\/div>\n\t\t\t\t\t<\/div>\n\t\t<\/section>\n\t\t\t\t<section class=\"elementor-section elementor-inner-section elementor-element elementor-element-f18eb3f elementor-section-full_width elementor-section-height-default elementor-section-height-default\" data-id=\"f18eb3f\" data-element_type=\"section\">\n\t\t\t\t\t\t<div class=\"elementor-container elementor-column-gap-no\">\n\t\t\t\t\t<div class=\"elementor-column elementor-col-25 elementor-inner-column elementor-element elementor-element-e6adec4\" data-id=\"e6adec4\" data-element_type=\"column\" data-settings=\"{&quot;background_background&quot;:&quot;gradient&quot;}\">\n\t\t\t<div class=\"elementor-widget-wrap elementor-element-populated\">\n\t\t\t\t\t\t<div class=\"elementor-element elementor-element-e805f7f elementor-widget elementor-widget-image\" data-id=\"e805f7f\" data-element_type=\"widget\" data-settings=\"{&quot;vlt_animated_widget_animation&quot;:&quot;none&quot;}\" data-widget_type=\"image.default\">\n\t\t\t\t<div class=\"elementor-widget-container\">\n\t\t\t\t\t\t\t\t\t\t\t\t\t\t\t<img fetchpriority=\"high\" decoding=\"async\" width=\"1024\" height=\"576\" src=\"https:\/\/innovate.ec\/wp-content\/uploads\/2024\/12\/Diseno-sin-titulo46-1024x576.jpg\" class=\"attachment-large size-large wp-image-518\" alt=\"\" srcset=\"https:\/\/innovate.ec\/wp-content\/uploads\/2024\/12\/Diseno-sin-titulo46-1024x576.jpg 1024w, https:\/\/innovate.ec\/wp-content\/uploads\/2024\/12\/Diseno-sin-titulo46-300x169.jpg 300w, https:\/\/innovate.ec\/wp-content\/uploads\/2024\/12\/Diseno-sin-titulo46-768x432.jpg 768w, https:\/\/innovate.ec\/wp-content\/uploads\/2024\/12\/Diseno-sin-titulo46-1536x864.jpg 1536w, https:\/\/innovate.ec\/wp-content\/uploads\/2024\/12\/Diseno-sin-titulo46-1920x1080.jpg 1920w, https:\/\/innovate.ec\/wp-content\/uploads\/2024\/12\/Diseno-sin-titulo46-800x450.jpg 800w, https:\/\/innovate.ec\/wp-content\/uploads\/2024\/12\/Diseno-sin-titulo46-1280x720.jpg 1280w, https:\/\/innovate.ec\/wp-content\/uploads\/2024\/12\/Diseno-sin-titulo46-600x338.jpg 600w, https:\/\/innovate.ec\/wp-content\/uploads\/2024\/12\/Diseno-sin-titulo46.jpg 2048w\" sizes=\"(max-width: 1024px) 100vw, 1024px\" \/>\t\t\t\t\t\t\t\t\t\t\t\t\t\t\t<\/div>\n\t\t\t\t<\/div>\n\t\t\t\t<div class=\"elementor-element elementor-element-01f0e61 elementor-widget elementor-widget-image-box\" data-id=\"01f0e61\" data-element_type=\"widget\" data-settings=\"{&quot;vlt_animated_widget_animation&quot;:&quot;none&quot;}\" data-widget_type=\"image-box.default\">\n\t\t\t\t<div class=\"elementor-widget-container\">\n\t\t\t\t\t<div class=\"elementor-image-box-wrapper\"><div class=\"elementor-image-box-content\"><h5 class=\"elementor-image-box-title\">Radiograf\u00eda Digital<\/h5><p class=\"elementor-image-box-description\">\n<\/p><\/div><\/div>\t\t\t\t<\/div>\n\t\t\t\t<\/div>\n\t\t\t\t\t<\/div>\n\t\t<\/div>\n\t\t\t\t<div class=\"elementor-column elementor-col-25 elementor-inner-column elementor-element elementor-element-d475267\" data-id=\"d475267\" data-element_type=\"column\" data-settings=\"{&quot;background_background&quot;:&quot;gradient&quot;}\">\n\t\t\t<div class=\"elementor-widget-wrap elementor-element-populated\">\n\t\t\t\t\t\t<div class=\"elementor-element elementor-element-65a6136 elementor-widget elementor-widget-image\" data-id=\"65a6136\" data-element_type=\"widget\" data-settings=\"{&quot;vlt_animated_widget_animation&quot;:&quot;none&quot;}\" data-widget_type=\"image.default\">\n\t\t\t\t<div class=\"elementor-widget-container\">\n\t\t\t\t\t\t\t\t\t\t\t\t\t\t\t<img decoding=\"async\" width=\"1024\" height=\"576\" src=\"https:\/\/innovate.ec\/wp-content\/uploads\/2024\/12\/Diseno-sin-titulo41-1024x576.jpg\" class=\"attachment-large size-large wp-image-509\" alt=\"\" srcset=\"https:\/\/innovate.ec\/wp-content\/uploads\/2024\/12\/Diseno-sin-titulo41-1024x576.jpg 1024w, https:\/\/innovate.ec\/wp-content\/uploads\/2024\/12\/Diseno-sin-titulo41-300x169.jpg 300w, https:\/\/innovate.ec\/wp-content\/uploads\/2024\/12\/Diseno-sin-titulo41-768x432.jpg 768w, https:\/\/innovate.ec\/wp-content\/uploads\/2024\/12\/Diseno-sin-titulo41-1536x864.jpg 1536w, https:\/\/innovate.ec\/wp-content\/uploads\/2024\/12\/Diseno-sin-titulo41-1920x1080.jpg 1920w, https:\/\/innovate.ec\/wp-content\/uploads\/2024\/12\/Diseno-sin-titulo41-800x450.jpg 800w, https:\/\/innovate.ec\/wp-content\/uploads\/2024\/12\/Diseno-sin-titulo41-1280x720.jpg 1280w, https:\/\/innovate.ec\/wp-content\/uploads\/2024\/12\/Diseno-sin-titulo41-600x338.jpg 600w, https:\/\/innovate.ec\/wp-content\/uploads\/2024\/12\/Diseno-sin-titulo41.jpg 2048w\" sizes=\"(max-width: 1024px) 100vw, 1024px\" \/>\t\t\t\t\t\t\t\t\t\t\t\t\t\t\t<\/div>\n\t\t\t\t<\/div>\n\t\t\t\t<div class=\"elementor-element elementor-element-488daff elementor-widget elementor-widget-image-box\" data-id=\"488daff\" data-element_type=\"widget\" data-settings=\"{&quot;vlt_animated_widget_animation&quot;:&quot;none&quot;}\" data-widget_type=\"image-box.default\">\n\t\t\t\t<div class=\"elementor-widget-container\">\n\t\t\t\t\t<div class=\"elementor-image-box-wrapper\"><div class=\"elementor-image-box-content\"><h5 class=\"elementor-image-box-title\">Planificaci\u00f3n digital tiempo r\u00e9cord<\/h5><p class=\"elementor-image-box-description\">\n<\/p><\/div><\/div>\t\t\t\t<\/div>\n\t\t\t\t<\/div>\n\t\t\t\t\t<\/div>\n\t\t<\/div>\n\t\t\t\t<div class=\"elementor-column elementor-col-25 elementor-inner-column elementor-element elementor-element-8c99614\" data-id=\"8c99614\" data-element_type=\"column\" data-settings=\"{&quot;background_background&quot;:&quot;gradient&quot;}\">\n\t\t\t<div class=\"elementor-widget-wrap elementor-element-populated\">\n\t\t\t\t\t\t<div class=\"elementor-element elementor-element-2ed02fd elementor-widget elementor-widget-image\" data-id=\"2ed02fd\" data-element_type=\"widget\" data-settings=\"{&quot;vlt_animated_widget_animation&quot;:&quot;none&quot;}\" data-widget_type=\"image.default\">\n\t\t\t\t<div class=\"elementor-widget-container\">\n\t\t\t\t\t\t\t\t\t\t\t\t\t\t\t<img decoding=\"async\" width=\"1024\" height=\"576\" src=\"https:\/\/innovate.ec\/wp-content\/uploads\/2024\/12\/Diseno-sin-titulo45-1024x576.jpg\" class=\"attachment-large size-large wp-image-517\" alt=\"\" srcset=\"https:\/\/innovate.ec\/wp-content\/uploads\/2024\/12\/Diseno-sin-titulo45-1024x576.jpg 1024w, https:\/\/innovate.ec\/wp-content\/uploads\/2024\/12\/Diseno-sin-titulo45-300x169.jpg 300w, https:\/\/innovate.ec\/wp-content\/uploads\/2024\/12\/Diseno-sin-titulo45-768x432.jpg 768w, https:\/\/innovate.ec\/wp-content\/uploads\/2024\/12\/Diseno-sin-titulo45-1536x864.jpg 1536w, https:\/\/innovate.ec\/wp-content\/uploads\/2024\/12\/Diseno-sin-titulo45-1920x1080.jpg 1920w, https:\/\/innovate.ec\/wp-content\/uploads\/2024\/12\/Diseno-sin-titulo45-800x450.jpg 800w, https:\/\/innovate.ec\/wp-content\/uploads\/2024\/12\/Diseno-sin-titulo45-1280x720.jpg 1280w, https:\/\/innovate.ec\/wp-content\/uploads\/2024\/12\/Diseno-sin-titulo45-600x338.jpg 600w, https:\/\/innovate.ec\/wp-content\/uploads\/2024\/12\/Diseno-sin-titulo45.jpg 2048w\" sizes=\"(max-width: 1024px) 100vw, 1024px\" \/>\t\t\t\t\t\t\t\t\t\t\t\t\t\t\t<\/div>\n\t\t\t\t<\/div>\n\t\t\t\t<div class=\"elementor-element elementor-element-b4b6fc2 elementor-widget elementor-widget-image-box\" data-id=\"b4b6fc2\" data-element_type=\"widget\" data-settings=\"{&quot;vlt_animated_widget_animation&quot;:&quot;none&quot;}\" data-widget_type=\"image-box.default\">\n\t\t\t\t<div class=\"elementor-widget-container\">\n\t\t\t\t\t<div class=\"elementor-image-box-wrapper\"><div class=\"elementor-image-box-content\"><h5 class=\"elementor-image-box-title\">Materiales de ultima tecnolog\u00eda<\/h5><\/div><\/div>\t\t\t\t<\/div>\n\t\t\t\t<\/div>\n\t\t\t\t\t<\/div>\n\t\t<\/div>\n\t\t\t\t<div class=\"elementor-column elementor-col-25 elementor-inner-column elementor-element elementor-element-85b6183\" data-id=\"85b6183\" data-element_type=\"column\" data-settings=\"{&quot;background_background&quot;:&quot;gradient&quot;}\">\n\t\t\t<div class=\"elementor-widget-wrap elementor-element-populated\">\n\t\t\t\t\t\t<div class=\"elementor-element elementor-element-2430362 elementor-widget elementor-widget-image\" data-id=\"2430362\" data-element_type=\"widget\" data-settings=\"{&quot;vlt_animated_widget_animation&quot;:&quot;none&quot;}\" data-widget_type=\"image.default\">\n\t\t\t\t<div class=\"elementor-widget-container\">\n\t\t\t\t\t\t\t\t\t\t\t\t\t\t\t<img loading=\"lazy\" decoding=\"async\" width=\"1024\" height=\"576\" src=\"https:\/\/innovate.ec\/wp-content\/uploads\/2024\/12\/Diseno-sin-titulo44-1024x576.jpg\" class=\"attachment-large size-large wp-image-516\" alt=\"\" srcset=\"https:\/\/innovate.ec\/wp-content\/uploads\/2024\/12\/Diseno-sin-titulo44-1024x576.jpg 1024w, https:\/\/innovate.ec\/wp-content\/uploads\/2024\/12\/Diseno-sin-titulo44-300x169.jpg 300w, https:\/\/innovate.ec\/wp-content\/uploads\/2024\/12\/Diseno-sin-titulo44-768x432.jpg 768w, https:\/\/innovate.ec\/wp-content\/uploads\/2024\/12\/Diseno-sin-titulo44-1536x864.jpg 1536w, https:\/\/innovate.ec\/wp-content\/uploads\/2024\/12\/Diseno-sin-titulo44-1920x1080.jpg 1920w, https:\/\/innovate.ec\/wp-content\/uploads\/2024\/12\/Diseno-sin-titulo44-800x450.jpg 800w, https:\/\/innovate.ec\/wp-content\/uploads\/2024\/12\/Diseno-sin-titulo44-1280x720.jpg 1280w, https:\/\/innovate.ec\/wp-content\/uploads\/2024\/12\/Diseno-sin-titulo44-600x338.jpg 600w, https:\/\/innovate.ec\/wp-content\/uploads\/2024\/12\/Diseno-sin-titulo44.jpg 2048w\" sizes=\"(max-width: 1024px) 100vw, 1024px\" \/>\t\t\t\t\t\t\t\t\t\t\t\t\t\t\t<\/div>\n\t\t\t\t<\/div>\n\t\t\t\t<div class=\"elementor-element elementor-element-72ea03a elementor-widget elementor-widget-image-box\" data-id=\"72ea03a\" data-element_type=\"widget\" data-settings=\"{&quot;vlt_animated_widget_animation&quot;:&quot;none&quot;}\" data-widget_type=\"image-box.default\">\n\t\t\t\t<div class=\"elementor-widget-container\">\n\t\t\t\t\t<div class=\"elementor-image-box-wrapper\"><div class=\"elementor-image-box-content\"><h5 class=\"elementor-image-box-title\">Asesor\u00eda previa a tu tratamiento<\/h5><\/div><\/div>\t\t\t\t<\/div>\n\t\t\t\t<\/div>\n\t\t\t\t\t<\/div>\n\t\t<\/div>\n\t\t\t\t\t<\/div>\n\t\t<\/section>\n\t\t\t\t\t<\/div>\n\t\t<\/div>\n\t\t\t\t\t<\/div>\n\t\t<\/section>\n\t\t\t\t<\/div>\n\t\t","protected":false},"excerpt":{"rendered":"<p>INICIO \u00bb LO QUE OFRECEMOS PARA TI Lo que ofrecemos para ti Somos un grupo de profesionales comprometidos con nuestros pacientes y en constante mejora de nuestros servicios y tecnolog\u00eda Radiograf\u00eda Digital Planificaci\u00f3n digital tiempo r\u00e9cord Materiales de ultima tecnolog\u00eda Asesor\u00eda previa a tu tratamiento<\/p>\n","protected":false},"author":1,"featured_media":0,"parent":0,"menu_order":0,"comment_status":"closed","ping_status":"closed","template":"elementor_header_footer","meta":{"footnotes":""},"class_list":["post-505","page","type-page","status-publish","hentry"],"_links":{"self":[{"href":"https:\/\/innovate.ec\/wp\/wp-json\/wp\/v2\/pages\/505","targetHints":{"allow":["GET"]}}],"collection":[{"href":"https:\/\/innovate.ec\/wp\/wp-json\/wp\/v2\/pages"}],"about":[{"href":"https:\/\/innovate.ec\/wp\/wp-json\/wp\/v2\/types\/page"}],"author":[{"embeddable":true,"href":"https:\/\/innovate.ec\/wp\/wp-json\/wp\/v2\/users\/1"}],"replies":[{"embeddable":true,"href":"https:\/\/innovate.ec\/wp\/wp-json\/wp\/v2\/comments?post=505"}],"version-history":[{"count":0,"href":"https:\/\/innovate.ec\/wp\/wp-json\/wp\/v2\/pages\/505\/revisions"}],"wp:attachment":[{"href":"https:\/\/innovate.ec\/wp\/wp-json\/wp\/v2\/media?parent=505"}],"curies":[{"name":"wp","href":"https:\/\/api.w.org\/{rel}","templated":true}]}}